{"id":125,"date":"2016-01-28T12:12:20","date_gmt":"2016-01-28T12:12:20","guid":{"rendered":"http:\/\/demo.themegrill.com\/estore\/?post_type=product&#038;p=125"},"modified":"2026-01-10T17:42:20","modified_gmt":"2026-01-10T17:42:20","slug":"summer-clothes","status":"publish","type":"product","link":"https:\/\/amina-store.com\/?product=summer-clothes","title":{"rendered":"V\u00eatements d&rsquo;\u00e9t\u00e9"},"content":{"rendered":"<div class=\"slider-content\">Nouveau Arrivage<\/div>\n","protected":false},"excerpt":{"rendered":"<p>Nouveau Arrivage<\/p>\n","protected":false},"featured_media":1335,"comment_status":"open","ping_status":"closed","template":"","meta":[],"product_brand":[],"product_cat":[30],"product_tag":[],"class_list":{"0":"post-125","1":"product","2":"type-product","3":"status-publish","4":"has-post-thumbnail","6":"product_cat-slider","8":"first","9":"instock","10":"taxable","11":"shipping-taxable","12":"product-type-simple"},"jetpack_sharing_enabled":true,"_links":{"self":[{"href":"https:\/\/amina-store.com\/index.php?rest_route=\/wp\/v2\/product\/125","targetHints":{"allow":["GET"]}}],"collection":[{"href":"https:\/\/amina-store.com\/index.php?rest_route=\/wp\/v2\/product"}],"about":[{"href":"https:\/\/amina-store.com\/index.php?rest_route=\/wp\/v2\/types\/product"}],"replies":[{"embeddable":true,"href":"https:\/\/amina-store.com\/index.php?rest_route=%2Fwp%2Fv2%2Fcomments&post=125"}],"wp:featuredmedia":[{"embeddable":true,"href":"https:\/\/amina-store.com\/index.php?rest_route=\/wp\/v2\/media\/1335"}],"wp:attachment":[{"href":"https:\/\/amina-store.com\/index.php?rest_route=%2Fwp%2Fv2%2Fmedia&parent=125"}],"wp:term":[{"taxonomy":"product_brand","embeddable":true,"href":"https:\/\/amina-store.com\/index.php?rest_route=%2Fwp%2Fv2%2Fproduct_brand&post=125"},{"taxonomy":"product_cat","embeddable":true,"href":"https:\/\/amina-store.com\/index.php?rest_route=%2Fwp%2Fv2%2Fproduct_cat&post=125"},{"taxonomy":"product_tag","embeddable":true,"href":"https:\/\/amina-store.com\/index.php?rest_route=%2Fwp%2Fv2%2Fproduct_tag&post=125"}],"curies":[{"name":"wp","href":"https:\/\/api.w.org\/{rel}","templated":true}]}}